{"id":2446,"date":"2017-04-21T08:51:57","date_gmt":"2017-04-21T08:51:57","guid":{"rendered":"https:\/\/schwarzwald-glueck.de\/umgebung"},"modified":"2024-08-05T07:52:40","modified_gmt":"2024-08-05T07:52:40","slug":"environnement","status":"publish","type":"page","link":"https:\/\/schwarzwald-glueck.de\/fr\/environnement","title":{"rendered":"Environnement"},"content":{"rendered":"<div class=\"wpb-content-wrapper\"><p>[vc_row css=\u00a0\u00bb.vc_custom_1722248641894{padding-top: 50px !important;}\u00a0\u00bb][vc_column][vc_column_text css=\u00a0\u00bb\u00a0\u00bb]<\/p>\n<h1>Activit\u00e9s<\/h1>\n<h3>Le site Internet de <a href=\"https:\/\/www.schwarzwald-tourismus.info\/\" target=\"_blank\" rel=\"noopener\">l&rsquo;office du tourisme de la For\u00eat-Noire<\/a> donne un bon aper\u00e7u de la situation.<\/h3>\n<p>La r\u00e9gion autour de Baden-Baden, Sasbachwalden, Hornisgrinde et Mummelsee en For\u00eat-Noire offre une multitude de curiosit\u00e9s et d&rsquo;activit\u00e9s. Voici quelques-uns des points forts :<\/p>\n<h3>Baden-Baden<\/h3>\n<p>Les thermes de Baden-Baden : L&rsquo;un des thermes les plus connus d&rsquo;Allemagne avec des bains thermaux et un espace bien-\u00eatre.<br \/>\nMaison de cure de Baden-Baden : Un b\u00e2timent historique \u00e0 l&rsquo;architecture impressionnante, qui abrite \u00e9galement un casino.<br \/>\nLichtentaler Allee : un magnifique parc avec des sentiers de promenade et des jardins bien entretenus le long de la rivi\u00e8re Oos.<br \/>\nStiftskirche : Une \u00e9glise impressionnante avec une riche histoire et de beaux vitraux.<\/p>\n<h3>Sasbachwalden<\/h3>\n<p>Sentiers de randonn\u00e9e : de nombreux sentiers de randonn\u00e9e bien balis\u00e9s \u00e0 travers un paysage idyllique et des vignobles.<br \/>\nVogtsbauernhof : Un mus\u00e9e en plein air qui offre un aper\u00e7u du mode de vie traditionnel et de la culture architecturale de la For\u00eat-Noire.<br \/>\nVendanges de Sasbachwald : La r\u00e9gion est connue pour sa production de vin, et il y a plusieurs f\u00eates du vin et possibilit\u00e9s de d\u00e9gustation.<\/p>\n<h3>Hornisgrinde<\/h3>\n<p>Tour panoramique du Hornisgrinde : le plus haut sommet du nord de la For\u00eat-Noire, avec une vue imprenable sur les montagnes et les vall\u00e9es environnantes.<br \/>\nR\u00e9serve naturelle de Hornisgrinde : une superbe r\u00e9gion pour les randonn\u00e9es avec une flore et une faune uniques.<\/p>\n<h3>Lac de Mummel<\/h3>\n<p>Mummelsee : un lac pittoresque entour\u00e9 de montagnes ; id\u00e9al pour les promenades \u00e0 pied et en bateau.<br \/>\nCircuit autour du lac : un sentier de randonn\u00e9e facile qui offre de superbes vues et passe par diff\u00e9rents refuges.<br \/>\nSentier des gourmets de la For\u00eat-Noire : un sentier de randonn\u00e9e \u00e0 th\u00e8me qui traverse le paysage et propose des sp\u00e9cialit\u00e9s r\u00e9gionales.<\/p>\n<h3>Activit\u00e9s dans la r\u00e9gion<\/h3>\n<p>Randonn\u00e9e et v\u00e9lo : La r\u00e9gion offre de nombreux sentiers de randonn\u00e9e et pistes cyclables qui traversent des paysages pittoresques.<br \/>\nCulinaire de la For\u00eat-Noire : go\u00fbtez aux sp\u00e9cialit\u00e9s locales telles que le jambon de la For\u00eat-Noire, le Kirschtorte et les vins r\u00e9gionaux.<\/p>\n<p>Cette r\u00e9gion est riche en nature, en histoire et en culture, de sorte qu&rsquo;il y a beaucoup \u00e0 d\u00e9couvrir, tant pour les amoureux de la nature que pour les amateurs de culture.[\/vc_column_text][\/vc_column][\/vc_row][vc_row css=\u00a0\u00bb.vc_custom_1722248657423{padding-top: 50px !important;}\u00a0\u00bb][vc_column][vc_column_text css=\u00a0\u00bb\u00a0\u00bb]<\/p>\n<h1>l&rsquo;Alsace et Strasbourg<\/h1>\n<h3>l&rsquo;Alsace<\/h3>\n<p>L&rsquo;Alsace, une r\u00e9gion pittoresque de l&rsquo;est de la France, est connue pour ses paysages \u00e0 couper le souffle, ses villes charmantes et sa riche histoire culturelle. Nich\u00e9e entre le Rhin \u00e0 l&rsquo;est et les Vosges \u00e0 l&rsquo;ouest, l&rsquo;Alsace s\u00e9duit par ses vignobles harmonieux, ses villages idylliques et son m\u00e9lange unique de culture allemande et fran\u00e7aise.<\/p>\n<p>L&rsquo;une des villes les plus connues d&rsquo;Alsace est Strasbourg, la capitale r\u00e9gionale, c\u00e9l\u00e8bre pour son impressionnante cath\u00e9drale Notre-Dame. Ce chef-d&rsquo;\u0153uvre de l&rsquo;architecture gothique du 12e si\u00e8cle domine la ville et offre une vue imprenable sur les environs. La vieille ville de Strasbourg, avec le pittoresque quartier de \u00ab\u00a0La Petite France\u00a0\u00bb, est inscrite au patrimoine mondial de l&rsquo;UNESCO et enchante les visiteurs avec ses ruelles \u00e9troites, ses maisons \u00e0 colombages et ses canaux.<\/p>\n<p>Un autre point fort de l&rsquo;Alsace est la ville de Colmar. Avec ses maisons \u00e0 colombages d\u00e9cor\u00e9es de couleurs vives, ses canaux romantiques et son charmant quartier de la \u00ab\u00a0Petite Venise\u00a0\u00bb, Colmar compte parmi les plus belles villes de la r\u00e9gion. Le mus\u00e9e Unterlinden y abrite d&rsquo;importantes \u0153uvres d&rsquo;art, dont le c\u00e9l\u00e8bre retable d&rsquo;Issenheim de Matthias Gr\u00fcnewald.<\/p>\n<p>L&rsquo;Alsace est \u00e9galement connue pour sa route des vins, qui traverse des villages viticoles pittoresques comme Riquewihr, Eguisheim et Kaysersberg. Ces villages ne sont pas seulement c\u00e9l\u00e8bres pour leurs excellents vins, mais aussi pour leurs charmants b\u00e2timents color\u00e9s et leur atmosph\u00e8re accueillante.<\/p>\n<p>Lors d&rsquo;une visite sur la route des vins, n&rsquo;oubliez pas de pr\u00e9voir une d\u00e9gustation pour d\u00e9couvrir les d\u00e9licieux rieslings et gewurztraminers.<\/p>\n<p>L&rsquo;Alsace a \u00e9galement beaucoup \u00e0 offrir aux amoureux de la nature. Les Vosges, un massif montagneux pittoresque, invitent \u00e0 la randonn\u00e9e et aux activit\u00e9s de plein air. Le Parc Naturel R\u00e9gional des Vosges du Nord est une excellente destination pour les itin\u00e9raires de randonn\u00e9e, le v\u00e9lo et l&rsquo;exploration de la flore et de la faune vari\u00e9es.<\/p>\n<p>Enfin, l&rsquo;Alsace est \u00e9galement connue pour ses sp\u00e9cialit\u00e9s culinaires. Des plats comme la tarte flamb\u00e9e, la choucroute garnie et le vin d&rsquo;Alsace sont \u00e0 ne pas manquer.<\/p>\n<p>Dans l&rsquo;ensemble, l&rsquo;Alsace est une destination fascinante qui allie \u00e0 merveille histoire, culture et nature. Que vous soyez int\u00e9ress\u00e9 par l&rsquo;architecture, la gastronomie ou tout simplement par les paysages saisissants, l&rsquo;Alsace a quelque chose \u00e0 offrir \u00e0 chacun et reste inoubliable.<\/p>\n<h3>D\u00e9couvrez Strasbourg : un joyau au c\u0153ur de l&rsquo;Europe<\/h3>\n<p>Strasbourg, charmante capitale de l&rsquo;Alsace et si\u00e8ge du Parlement europ\u00e9en, est une destination fascinante qui allie histoire, culture et architecture impressionnante. La ville s\u00e9duit par sa situation unique sur le Rhin et son riche pass\u00e9 multiculturel qui se refl\u00e8te dans chaque recoin.<\/p>\n<p>L&rsquo;un des points forts de votre voyage est le quartier pittoresque de la vieille ville, \u00ab\u00a0La Petite France\u00a0\u00bb, qui vous enchantera avec ses canaux idylliques, ses ruelles \u00e9troites et ses maisons historiques \u00e0 colombages. Vous pourrez y appr\u00e9cier le charme d&rsquo;antan lors d&rsquo;une promenade et faire une pause dans l&rsquo;un des nombreux caf\u00e9s accueillants.<\/p>\n<p>L&#8217;embl\u00e8me de la ville, la cath\u00e9drale de Strasbourg, est un chef-d&rsquo;\u0153uvre de l&rsquo;architecture gothique. Avec son impressionnante tour de plus de 142 m\u00e8tres de haut et sa magnifique horloge astronomique, la cath\u00e9drale attire chaque ann\u00e9e de nombreux visiteurs. Montez les 330 marches de la plate-forme d&rsquo;observation pour profiter d&rsquo;une vue imprenable sur la ville et le paysage environnant.<\/p>\n<p>Un autre point fort culturel est le Palais Rohan, un magnifique b\u00e2timent baroque qui abrite aujourd&rsquo;hui trois mus\u00e9es : le Mus\u00e9e des Beaux-Arts, le Mus\u00e9e Arch\u00e9ologique et le Mus\u00e9e des Arts D\u00e9coratifs. Les amateurs d&rsquo;art et d&rsquo;histoire peuvent y admirer des collections impressionnantes.<\/p>\n<p>Strasbourg est \u00e9galement connue pour sa gastronomie vivante. Go\u00fbtez aux sp\u00e9cialit\u00e9s locales comme la tarte flamb\u00e9e et la choucroute tout en vous arr\u00eatant dans l&rsquo;un des traditionnels winstubs, les bars \u00e0 vin alsaciens.<\/p>\n<p>En outre, la ville propose de nombreux \u00e9v\u00e9nements et festivals tout au long de l&rsquo;ann\u00e9e. Que ce soit le march\u00e9 de No\u00ebl de Strasbourg, l&rsquo;un des plus anciens et des plus connus d&rsquo;Europe, ou le Festival international de musique, il y en a pour tous les go\u00fbts.<\/p>\n<p>Laissez-vous envo\u00fbter par l&rsquo;atmosph\u00e8re chaleureuse, la diversit\u00e9 culturelle et la beaut\u00e9 de Strasbourg. Cette ville n&rsquo;est pas seulement un endroit que l&rsquo;on visite, c&rsquo;est une exp\u00e9rience que l&rsquo;on vit. Faites de Strasbourg votre prochaine destination et d\u00e9couvrez un pan de l&rsquo;histoire et de la culture europ\u00e9ennes!<\/p>\n<p>[\/vc_column_text][\/vc_column][\/vc_row]<\/p>\n<\/div>","protected":false},"excerpt":{"rendered":"<p>[vc_row css=\u00a0\u00bb.vc_custom_1722248641894{padding-top: 50px !important;}\u00a0\u00bb][vc_column][vc_column_text css=\u00a0\u00bb\u00a0\u00bb] Activit\u00e9s Le site Internet de l&rsquo;office du tourisme de la For\u00eat-Noire donne un bon aper\u00e7u de la situation. La r\u00e9gion autour de Baden-Baden, Sasbachwalden, Hornisgrinde<\/p>\n","protected":false},"author":2,"featured_media":0,"parent":0,"menu_order":0,"comment_status":"closed","ping_status":"closed","template":"page-custom-with-header.php","meta":{"_acf_changed":false,"footnotes":""},"class_list":["post-2446","page","type-page","status-publish","hentry"],"acf":[],"yoast_head":"<!-- This site is optimized with the Yoast SEO plugin v27.1.1 - https:\/\/yoast.com\/product\/yoast-seo-wordpress\/ -->\n<title>Environnement - SCHWARZWALD GL\u00dcCK - Ferienwohnung im Schwarzwald<\/title>\n<meta name=\"description\" content=\"Erleben Sie einen unvergesslichen Urlaub im Schwarzwald, Rhein und Rebland. Entdecken Sie malerische Landschaften, idyllische Weinberge und charmante D\u00f6rfer. Perfekt f\u00fcr Erholung, Outdoor-Aktivit\u00e4ten und Genuss. Buchen Sie jetzt!\" \/>\n<meta name=\"robots\" content=\"index, follow, max-snippet:-1, max-image-preview:large, max-video-preview:-1\" \/>\n<link rel=\"canonical\" href=\"https:\/\/schwarzwald-glueck.de\/fr\/environnement\" \/>\n<meta property=\"og:locale\" content=\"fr_FR\" \/>\n<meta property=\"og:type\" content=\"article\" \/>\n<meta property=\"og:title\" content=\"Environnement - SCHWARZWALD GL\u00dcCK - Ferienwohnung im Schwarzwald\" \/>\n<meta property=\"og:description\" content=\"Erleben Sie einen unvergesslichen Urlaub im Schwarzwald, Rhein und Rebland. Entdecken Sie malerische Landschaften, idyllische Weinberge und charmante D\u00f6rfer. Perfekt f\u00fcr Erholung, Outdoor-Aktivit\u00e4ten und Genuss. Buchen Sie jetzt!\" \/>\n<meta property=\"og:url\" content=\"https:\/\/schwarzwald-glueck.de\/fr\/environnement\" \/>\n<meta property=\"og:site_name\" content=\"SCHWARZWALD GL\u00dcCK - Ferienwohnung im Schwarzwald\" \/>\n<meta property=\"article:modified_time\" content=\"2024-08-05T07:52:40+00:00\" \/>\n<meta property=\"og:image\" content=\"https:\/\/schwarzwald-glueck.de\/wp-content\/uploads\/2024\/07\/Schwarzwald-Glueck-Ferienwohnung-77815-buehl-002.jpg\" \/>\n\t<meta property=\"og:image:width\" content=\"1920\" \/>\n\t<meta property=\"og:image:height\" content=\"1440\" \/>\n\t<meta property=\"og:image:type\" content=\"image\/jpeg\" \/>\n<meta name=\"twitter:card\" content=\"summary_large_image\" \/>\n<meta name=\"twitter:label1\" content=\"Dur\u00e9e de lecture estim\u00e9e\" \/>\n\t<meta name=\"twitter:data1\" content=\"6 minutes\" \/>\n<script type=\"application\/ld+json\" class=\"yoast-schema-graph\">{\"@context\":\"https:\/\/schema.org\",\"@graph\":[{\"@type\":\"WebPage\",\"@id\":\"https:\/\/schwarzwald-glueck.de\/fr\/environnement\",\"url\":\"https:\/\/schwarzwald-glueck.de\/fr\/environnement\",\"name\":\"Environnement - SCHWARZWALD GL\u00dcCK - Ferienwohnung im Schwarzwald\",\"isPartOf\":{\"@id\":\"https:\/\/schwarzwald-glueck.de\/fr#website\"},\"datePublished\":\"2017-04-21T08:51:57+00:00\",\"dateModified\":\"2024-08-05T07:52:40+00:00\",\"description\":\"Erleben Sie einen unvergesslichen Urlaub im Schwarzwald, Rhein und Rebland. Entdecken Sie malerische Landschaften, idyllische Weinberge und charmante D\u00f6rfer. Perfekt f\u00fcr Erholung, Outdoor-Aktivit\u00e4ten und Genuss. Buchen Sie jetzt!\",\"breadcrumb\":{\"@id\":\"https:\/\/schwarzwald-glueck.de\/fr\/environnement#breadcrumb\"},\"inLanguage\":\"fr-FR\",\"potentialAction\":[{\"@type\":\"ReadAction\",\"target\":[\"https:\/\/schwarzwald-glueck.de\/fr\/environnement\"]}]},{\"@type\":\"BreadcrumbList\",\"@id\":\"https:\/\/schwarzwald-glueck.de\/fr\/environnement#breadcrumb\",\"itemListElement\":[{\"@type\":\"ListItem\",\"position\":1,\"name\":\"Startseite\",\"item\":\"https:\/\/schwarzwald-glueck.de\/fr\"},{\"@type\":\"ListItem\",\"position\":2,\"name\":\"Environnement\"}]},{\"@type\":\"WebSite\",\"@id\":\"https:\/\/schwarzwald-glueck.de\/fr#website\",\"url\":\"https:\/\/schwarzwald-glueck.de\/fr\",\"name\":\"SCHWARZWALD GL\u00dcCK - Ferienwohnung im Schwarzwald\",\"description\":\"Urlaub im Schwarzwald - Ferienwohnung 5 Personen | 1-Zimmer Apartment\",\"publisher\":{\"@id\":\"https:\/\/schwarzwald-glueck.de\/fr#\/schema\/person\/5655af0ff2b25d84412cf90472229263\"},\"alternateName\":\"Ferienwohnung und Apartment\",\"potentialAction\":[{\"@type\":\"SearchAction\",\"target\":{\"@type\":\"EntryPoint\",\"urlTemplate\":\"https:\/\/schwarzwald-glueck.de\/fr?s={search_term_string}\"},\"query-input\":{\"@type\":\"PropertyValueSpecification\",\"valueRequired\":true,\"valueName\":\"search_term_string\"}}],\"inLanguage\":\"fr-FR\"},{\"@type\":[\"Person\",\"Organization\"],\"@id\":\"https:\/\/schwarzwald-glueck.de\/fr#\/schema\/person\/5655af0ff2b25d84412cf90472229263\",\"name\":\"Blackforest_GLUECK\",\"image\":{\"@type\":\"ImageObject\",\"inLanguage\":\"fr-FR\",\"@id\":\"https:\/\/schwarzwald-glueck.de\/fr#\/schema\/person\/image\/\",\"url\":\"https:\/\/schwarzwald-glueck.de\/wp-content\/uploads\/2024\/07\/schwarzwald-glueck-ferienwohnung_300.png\",\"contentUrl\":\"https:\/\/schwarzwald-glueck.de\/wp-content\/uploads\/2024\/07\/schwarzwald-glueck-ferienwohnung_300.png\",\"width\":577,\"height\":300,\"caption\":\"Blackforest_GLUECK\"},\"logo\":{\"@id\":\"https:\/\/schwarzwald-glueck.de\/fr#\/schema\/person\/image\/\"},\"sameAs\":[\"https:\/\/schwarzwald-glueck.de\"]}]}<\/script>\n<!-- \/ Yoast SEO plugin. -->","yoast_head_json":{"title":"Environnement - SCHWARZWALD GL\u00dcCK - Ferienwohnung im Schwarzwald","description":"Erleben Sie einen unvergesslichen Urlaub im Schwarzwald, Rhein und Rebland. Entdecken Sie malerische Landschaften, idyllische Weinberge und charmante D\u00f6rfer. Perfekt f\u00fcr Erholung, Outdoor-Aktivit\u00e4ten und Genuss. Buchen Sie jetzt!","robots":{"index":"index","follow":"follow","max-snippet":"max-snippet:-1","max-image-preview":"max-image-preview:large","max-video-preview":"max-video-preview:-1"},"canonical":"https:\/\/schwarzwald-glueck.de\/fr\/environnement","og_locale":"fr_FR","og_type":"article","og_title":"Environnement - SCHWARZWALD GL\u00dcCK - Ferienwohnung im Schwarzwald","og_description":"Erleben Sie einen unvergesslichen Urlaub im Schwarzwald, Rhein und Rebland. Entdecken Sie malerische Landschaften, idyllische Weinberge und charmante D\u00f6rfer. Perfekt f\u00fcr Erholung, Outdoor-Aktivit\u00e4ten und Genuss. Buchen Sie jetzt!","og_url":"https:\/\/schwarzwald-glueck.de\/fr\/environnement","og_site_name":"SCHWARZWALD GL\u00dcCK - Ferienwohnung im Schwarzwald","article_modified_time":"2024-08-05T07:52:40+00:00","og_image":[{"width":1920,"height":1440,"url":"https:\/\/schwarzwald-glueck.de\/wp-content\/uploads\/2024\/07\/Schwarzwald-Glueck-Ferienwohnung-77815-buehl-002.jpg","type":"image\/jpeg"}],"twitter_card":"summary_large_image","twitter_misc":{"Dur\u00e9e de lecture estim\u00e9e":"6 minutes"},"schema":{"@context":"https:\/\/schema.org","@graph":[{"@type":"WebPage","@id":"https:\/\/schwarzwald-glueck.de\/fr\/environnement","url":"https:\/\/schwarzwald-glueck.de\/fr\/environnement","name":"Environnement - SCHWARZWALD GL\u00dcCK - Ferienwohnung im Schwarzwald","isPartOf":{"@id":"https:\/\/schwarzwald-glueck.de\/fr#website"},"datePublished":"2017-04-21T08:51:57+00:00","dateModified":"2024-08-05T07:52:40+00:00","description":"Erleben Sie einen unvergesslichen Urlaub im Schwarzwald, Rhein und Rebland. Entdecken Sie malerische Landschaften, idyllische Weinberge und charmante D\u00f6rfer. Perfekt f\u00fcr Erholung, Outdoor-Aktivit\u00e4ten und Genuss. Buchen Sie jetzt!","breadcrumb":{"@id":"https:\/\/schwarzwald-glueck.de\/fr\/environnement#breadcrumb"},"inLanguage":"fr-FR","potentialAction":[{"@type":"ReadAction","target":["https:\/\/schwarzwald-glueck.de\/fr\/environnement"]}]},{"@type":"BreadcrumbList","@id":"https:\/\/schwarzwald-glueck.de\/fr\/environnement#breadcrumb","itemListElement":[{"@type":"ListItem","position":1,"name":"Startseite","item":"https:\/\/schwarzwald-glueck.de\/fr"},{"@type":"ListItem","position":2,"name":"Environnement"}]},{"@type":"WebSite","@id":"https:\/\/schwarzwald-glueck.de\/fr#website","url":"https:\/\/schwarzwald-glueck.de\/fr","name":"SCHWARZWALD GL\u00dcCK - Ferienwohnung im Schwarzwald","description":"Urlaub im Schwarzwald - Ferienwohnung 5 Personen | 1-Zimmer Apartment","publisher":{"@id":"https:\/\/schwarzwald-glueck.de\/fr#\/schema\/person\/5655af0ff2b25d84412cf90472229263"},"alternateName":"Ferienwohnung und Apartment","potentialAction":[{"@type":"SearchAction","target":{"@type":"EntryPoint","urlTemplate":"https:\/\/schwarzwald-glueck.de\/fr?s={search_term_string}"},"query-input":{"@type":"PropertyValueSpecification","valueRequired":true,"valueName":"search_term_string"}}],"inLanguage":"fr-FR"},{"@type":["Person","Organization"],"@id":"https:\/\/schwarzwald-glueck.de\/fr#\/schema\/person\/5655af0ff2b25d84412cf90472229263","name":"Blackforest_GLUECK","image":{"@type":"ImageObject","inLanguage":"fr-FR","@id":"https:\/\/schwarzwald-glueck.de\/fr#\/schema\/person\/image\/","url":"https:\/\/schwarzwald-glueck.de\/wp-content\/uploads\/2024\/07\/schwarzwald-glueck-ferienwohnung_300.png","contentUrl":"https:\/\/schwarzwald-glueck.de\/wp-content\/uploads\/2024\/07\/schwarzwald-glueck-ferienwohnung_300.png","width":577,"height":300,"caption":"Blackforest_GLUECK"},"logo":{"@id":"https:\/\/schwarzwald-glueck.de\/fr#\/schema\/person\/image\/"},"sameAs":["https:\/\/schwarzwald-glueck.de"]}]}},"_links":{"self":[{"href":"https:\/\/schwarzwald-glueck.de\/fr\/wp-json\/wp\/v2\/pages\/2446","targetHints":{"allow":["GET"]}}],"collection":[{"href":"https:\/\/schwarzwald-glueck.de\/fr\/wp-json\/wp\/v2\/pages"}],"about":[{"href":"https:\/\/schwarzwald-glueck.de\/fr\/wp-json\/wp\/v2\/types\/page"}],"author":[{"embeddable":true,"href":"https:\/\/schwarzwald-glueck.de\/fr\/wp-json\/wp\/v2\/users\/2"}],"replies":[{"embeddable":true,"href":"https:\/\/schwarzwald-glueck.de\/fr\/wp-json\/wp\/v2\/comments?post=2446"}],"version-history":[{"count":5,"href":"https:\/\/schwarzwald-glueck.de\/fr\/wp-json\/wp\/v2\/pages\/2446\/revisions"}],"predecessor-version":[{"id":2612,"href":"https:\/\/schwarzwald-glueck.de\/fr\/wp-json\/wp\/v2\/pages\/2446\/revisions\/2612"}],"wp:attachment":[{"href":"https:\/\/schwarzwald-glueck.de\/fr\/wp-json\/wp\/v2\/media?parent=2446"}],"curies":[{"name":"wp","href":"https:\/\/api.w.org\/{rel}","templated":true}]}}